{"id":652,"date":"2025-05-31T19:25:51","date_gmt":"2025-05-31T19:25:51","guid":{"rendered":"https:\/\/desarrollo.extintoff.cl\/?post_type=product&#038;p=652"},"modified":"2025-06-10T03:27:23","modified_gmt":"2025-06-10T03:27:23","slug":"gabinete-con-o-sin-carrete-1x30mts","status":"publish","type":"product","link":"https:\/\/extintoff.cl\/index.php\/product\/gabinete-con-o-sin-carrete-1x30mts\/","title":{"rendered":"GABINETE CON O SIN CARRETE 1&#8243;X30MTS"},"content":{"rendered":"<p>DG: Fabricados para la instalaci\u00f3n en inmuebles destinados a la reuni\u00f3n de personas tales como hospitales, comercio, escuelas, industrias, edificios p\u00fablicos, deportivos y otros destinados al mismo efecto, as\u00ed como tambi\u00e9n en los edificios de tres o m\u00e1s pisos estos carretes son considerados para utilizaci\u00f3n contra fuegos incipientes al ser conectadas al sistema de distribuci\u00f3n de agua del edificio.<\/p>\n","protected":false},"excerpt":{"rendered":"<p>DG: Fabricados para la instalaci\u00f3n en inmuebles destinados a la reuni\u00f3n de personas tales como hospitales, comercio, escuelas, industrias, edificios p\u00fablicos, deportivos y otros destinados al mismo efecto, as\u00ed como tambi\u00e9n en los edificios de tres o m\u00e1s pisos estos carretes son considerados para utilizaci\u00f3n contra fuegos incipientes al ser conectadas al sistema de distribuci\u00f3n<\/p>\n<div class=\"klb-readmore\"><a class=\"c-btn\" href=\"https:\/\/extintoff.cl\/index.php\/product\/gabinete-con-o-sin-carrete-1x30mts\/\">Leer M\u00e1s <i class=\"far fa-plus\"><\/i><\/a><\/div>\n","protected":false},"featured_media":769,"comment_status":"open","ping_status":"closed","template":"","meta":{"_joinchat":[]},"product_brand":[],"product_cat":[65,55],"product_tag":[],"class_list":{"0":"post-652","1":"product","2":"type-product","3":"status-publish","4":"has-post-thumbnail","6":"product_cat-gabinete-y-mangueras","7":"product_cat-red-humeda-y-red-seca","9":"first","10":"instock","11":"shipping-taxable","12":"product-type-simple"},"_links":{"self":[{"href":"https:\/\/extintoff.cl\/index.php\/wp-json\/wp\/v2\/product\/652","targetHints":{"allow":["GET"]}}],"collection":[{"href":"https:\/\/extintoff.cl\/index.php\/wp-json\/wp\/v2\/product"}],"about":[{"href":"https:\/\/extintoff.cl\/index.php\/wp-json\/wp\/v2\/types\/product"}],"replies":[{"embeddable":true,"href":"https:\/\/extintoff.cl\/index.php\/wp-json\/wp\/v2\/comments?post=652"}],"wp:featuredmedia":[{"embeddable":true,"href":"https:\/\/extintoff.cl\/index.php\/wp-json\/wp\/v2\/media\/769"}],"wp:attachment":[{"href":"https:\/\/extintoff.cl\/index.php\/wp-json\/wp\/v2\/media?parent=652"}],"wp:term":[{"taxonomy":"product_brand","embeddable":true,"href":"https:\/\/extintoff.cl\/index.php\/wp-json\/wp\/v2\/product_brand?post=652"},{"taxonomy":"product_cat","embeddable":true,"href":"https:\/\/extintoff.cl\/index.php\/wp-json\/wp\/v2\/product_cat?post=652"},{"taxonomy":"product_tag","embeddable":true,"href":"https:\/\/extintoff.cl\/index.php\/wp-json\/wp\/v2\/product_tag?post=652"}],"curies":[{"name":"wp","href":"https:\/\/api.w.org\/{rel}","templated":true}]}}