{"id":647,"date":"2025-05-31T19:23:25","date_gmt":"2025-05-31T19:23:25","guid":{"rendered":"https:\/\/desarrollo.extintoff.cl\/?post_type=product&#038;p=647"},"modified":"2025-06-10T03:30:07","modified_gmt":"2025-06-10T03:30:07","slug":"extintor-1-5-2-5-5-5-8kgs","status":"publish","type":"product","link":"https:\/\/extintoff.cl\/index.php\/product\/extintor-1-5-2-5-5-5-8kgs\/","title":{"rendered":"EXTINTOR 1.5-2.5-5.5-8KGS"},"content":{"rendered":"<p>1.5KGS: El extintor Halo Clean contiene un agente que se descarga como l\u00edquido vol\u00e1til, que r\u00e1pidamente se evapora. Para llevar en aeronaves, lanchas y veh\u00edculos de altas prestaciones.\/2.5KGS: El extintor Halo Clean contiene un agente que se descarga como l\u00edquido vol\u00e1til, que r\u00e1pidamente se evapora. Para llevar en aeronaves, lanchas y veh\u00edculos de altas prestaciones.\/5.5KGS: El extintor Halo Clean de 5kg es ideal para cuartos de computadoras, instalaciones telef\u00f3nicas, cuartos limpios, \u00e1rea de almacenamientos de datos y equipos electr\u00f3nicos sensitivos.\/8KGS:El extintor Halo Clean de 8kg es ideal para cuartos de computadoras, instalaciones telef\u00f3nicas, cuartos limpios, \u00e1rea de almacenamientos de datos y equipos electr\u00f3nicos sensitivos.<\/p>\n","protected":false},"excerpt":{"rendered":"<p>1.5KGS: El extintor Halo Clean contiene un agente que se descarga como l\u00edquido vol\u00e1til, que r\u00e1pidamente se evapora. Para llevar en aeronaves, lanchas y veh\u00edculos de altas prestaciones.\/2.5KGS: El extintor Halo Clean contiene un agente que se descarga como l\u00edquido vol\u00e1til, que r\u00e1pidamente se evapora. Para llevar en aeronaves, lanchas y veh\u00edculos de altas prestaciones.\/5.5KGS:<\/p>\n<div class=\"klb-readmore\"><a class=\"c-btn\" href=\"https:\/\/extintoff.cl\/index.php\/product\/extintor-1-5-2-5-5-5-8kgs\/\">Leer M\u00e1s <i class=\"far fa-plus\"><\/i><\/a><\/div>\n","protected":false},"featured_media":772,"comment_status":"open","ping_status":"closed","template":"","meta":{"_joinchat":[]},"product_brand":[],"product_cat":[51,61],"product_tag":[],"class_list":{"0":"post-647","1":"product","2":"type-product","3":"status-publish","4":"has-post-thumbnail","6":"product_cat-bc","7":"product_cat-halo-clean","9":"first","10":"instock","11":"shipping-taxable","12":"product-type-simple"},"_links":{"self":[{"href":"https:\/\/extintoff.cl\/index.php\/wp-json\/wp\/v2\/product\/647","targetHints":{"allow":["GET"]}}],"collection":[{"href":"https:\/\/extintoff.cl\/index.php\/wp-json\/wp\/v2\/product"}],"about":[{"href":"https:\/\/extintoff.cl\/index.php\/wp-json\/wp\/v2\/types\/product"}],"replies":[{"embeddable":true,"href":"https:\/\/extintoff.cl\/index.php\/wp-json\/wp\/v2\/comments?post=647"}],"wp:featuredmedia":[{"embeddable":true,"href":"https:\/\/extintoff.cl\/index.php\/wp-json\/wp\/v2\/media\/772"}],"wp:attachment":[{"href":"https:\/\/extintoff.cl\/index.php\/wp-json\/wp\/v2\/media?parent=647"}],"wp:term":[{"taxonomy":"product_brand","embeddable":true,"href":"https:\/\/extintoff.cl\/index.php\/wp-json\/wp\/v2\/product_brand?post=647"},{"taxonomy":"product_cat","embeddable":true,"href":"https:\/\/extintoff.cl\/index.php\/wp-json\/wp\/v2\/product_cat?post=647"},{"taxonomy":"product_tag","embeddable":true,"href":"https:\/\/extintoff.cl\/index.php\/wp-json\/wp\/v2\/product_tag?post=647"}],"curies":[{"name":"wp","href":"https:\/\/api.w.org\/{rel}","templated":true}]}}