{"id":646,"date":"2025-05-31T19:22:52","date_gmt":"2025-05-31T19:22:52","guid":{"rendered":"https:\/\/desarrollo.extintoff.cl\/?post_type=product&#038;p=646"},"modified":"2025-06-10T03:30:45","modified_gmt":"2025-06-10T03:30:45","slug":"extintor-2-5-10-25-50kgs","status":"publish","type":"product","link":"https:\/\/extintoff.cl\/index.php\/product\/extintor-2-5-10-25-50kgs\/","title":{"rendered":"EXTINTOR 2-5-10-25-50KGS"},"content":{"rendered":"<p>2KGS: El extintor port\u00e1til CO2 2kg (BC) WCO2-2K contiene di\u00f3xido de carbono descargado a -79\u00b0C, un gas que no reacciona qu\u00edmicamente con otras sustancias, no conduce la electricidad y se considera limpio. \/ 5KGS: Extintor port\u00e1til CO2 5kg (BC) Mod. WCO2-5K para uso en fuegos tipo B que involucran l\u00edquidos inflamables, grasas y gases; y tipo C, que involucran equipo el\u00e9ctrico. \/ 10KGS: Carro con gran capacidad de extinci\u00f3n. Contiene di\u00f3xido de carbono descargado a -79\u00b0C, un gas que no reacciona qu\u00edmicamente con otras sustancias, ni conduce la electricidad. \/ 25KGS: El carro CO2 25kg WCO2-25K contiene di\u00f3xido de carbono descargado, un gas que no reacciona qu\u00edmicamente con otras sustancias, ni conduce la electricidad y est\u00e1 dise\u00f1ado para grandes \u00e1reas. \/ 50KGS: El carro CO2 2X25kg (BC) 2XWCO2-25K es un dise\u00f1o exclusivo de Start Fire, pensado en facilitar su manipulaci\u00f3n frente a fuegos BC en grandes instalaciones el\u00e9ctricas o cocinas.<\/p>\n","protected":false},"excerpt":{"rendered":"<p>2KGS: El extintor port\u00e1til CO2 2kg (BC) WCO2-2K contiene di\u00f3xido de carbono descargado a -79\u00b0C, un gas que no reacciona qu\u00edmicamente con otras sustancias, no conduce la electricidad y se considera limpio. \/ 5KGS: Extintor port\u00e1til CO2 5kg (BC) Mod. WCO2-5K para uso en fuegos tipo B que involucran l\u00edquidos inflamables, grasas y gases; y<\/p>\n<div class=\"klb-readmore\"><a class=\"c-btn\" href=\"https:\/\/extintoff.cl\/index.php\/product\/extintor-2-5-10-25-50kgs\/\">Leer M\u00e1s <i class=\"far fa-plus\"><\/i><\/a><\/div>\n","protected":false},"featured_media":773,"comment_status":"open","ping_status":"closed","template":"","meta":{"_joinchat":[]},"product_brand":[],"product_cat":[51,60],"product_tag":[],"class_list":{"0":"post-646","1":"product","2":"type-product","3":"status-publish","4":"has-post-thumbnail","6":"product_cat-bc","7":"product_cat-co2","9":"first","10":"instock","11":"shipping-taxable","12":"product-type-simple"},"_links":{"self":[{"href":"https:\/\/extintoff.cl\/index.php\/wp-json\/wp\/v2\/product\/646","targetHints":{"allow":["GET"]}}],"collection":[{"href":"https:\/\/extintoff.cl\/index.php\/wp-json\/wp\/v2\/product"}],"about":[{"href":"https:\/\/extintoff.cl\/index.php\/wp-json\/wp\/v2\/types\/product"}],"replies":[{"embeddable":true,"href":"https:\/\/extintoff.cl\/index.php\/wp-json\/wp\/v2\/comments?post=646"}],"wp:featuredmedia":[{"embeddable":true,"href":"https:\/\/extintoff.cl\/index.php\/wp-json\/wp\/v2\/media\/773"}],"wp:attachment":[{"href":"https:\/\/extintoff.cl\/index.php\/wp-json\/wp\/v2\/media?parent=646"}],"wp:term":[{"taxonomy":"product_brand","embeddable":true,"href":"https:\/\/extintoff.cl\/index.php\/wp-json\/wp\/v2\/product_brand?post=646"},{"taxonomy":"product_cat","embeddable":true,"href":"https:\/\/extintoff.cl\/index.php\/wp-json\/wp\/v2\/product_cat?post=646"},{"taxonomy":"product_tag","embeddable":true,"href":"https:\/\/extintoff.cl\/index.php\/wp-json\/wp\/v2\/product_tag?post=646"}],"curies":[{"name":"wp","href":"https:\/\/api.w.org\/{rel}","templated":true}]}}