{"id":644,"date":"2025-05-31T19:20:38","date_gmt":"2025-05-31T19:20:38","guid":{"rendered":"https:\/\/desarrollo.extintoff.cl\/?post_type=product&#038;p=644"},"modified":"2025-06-10T03:33:22","modified_gmt":"2025-06-10T03:33:22","slug":"extintor-6-10-25-50-100lts","status":"publish","type":"product","link":"https:\/\/extintoff.cl\/index.php\/product\/extintor-6-10-25-50-100lts\/","title":{"rendered":"EXTINTOR 6-10-25-50-100LTS"},"content":{"rendered":"<p>DG; Extintores Espuma AFFF AB de EXTINTOFF. Fabricados con los m\u00e1s altos est\u00e1ndares de calidad acorde a las normativas vigentes.\/ 6LTS: El extintor de espuma AFFF\/Ar 3% forma una pel\u00edcula que estanca el gas, apta como substancia selladora. Para uso en aeropuertos, bencineras, barracas, industrias qu\u00edmicas, etc.\/ 10LTS: El extintor de espuma AFFF\/Ar 3% forma una pel\u00edcula que estanca el gas, apta como substancia selladora. Para uso en aeropuertos, bencineras, barracas, industrias qu\u00edmicas, etc. \/ 25LTS: El carro CO2 25kg (BC) WCO2-25K es un dise\u00f1o exclusivo de Start Fire, pensado en facilitar su manipulaci\u00f3n frente a fuegos BC en grandes instalaciones el\u00e9ctricas o cocinas.\/ 50LTS: Extintor de espuma AFFF\/Ar 3% 50 Lt recomendado para \u00e1reas con gran carga de fuego: bodegas de productos qu\u00edmicos inflamables, almacenes de combustibles, talleres mec\u00e1nicos, entre otros.\/100LTS: Extintor de espuma AFFF\/Ar 3% 100Lt recomendado para \u00e1reas con gran carga de fuego: bodegas de productos qu\u00edmicos inflamables, almacenes de combustibles, talleres mec\u00e1nicos, entre otros<\/p>\n","protected":false},"excerpt":{"rendered":"<p>DG; Extintores Espuma AFFF AB de EXTINTOFF. Fabricados con los m\u00e1s altos est\u00e1ndares de calidad acorde a las normativas vigentes.\/ 6LTS: El extintor de espuma AFFF\/Ar 3% forma una pel\u00edcula que estanca el gas, apta como substancia selladora. Para uso en aeropuertos, bencineras, barracas, industrias qu\u00edmicas, etc.\/ 10LTS: El extintor de espuma AFFF\/Ar 3% forma<\/p>\n<div class=\"klb-readmore\"><a class=\"c-btn\" href=\"https:\/\/extintoff.cl\/index.php\/product\/extintor-6-10-25-50-100lts\/\">Leer M\u00e1s <i class=\"far fa-plus\"><\/i><\/a><\/div>\n","protected":false},"featured_media":776,"comment_status":"open","ping_status":"closed","template":"","meta":{"_joinchat":[]},"product_brand":[],"product_cat":[49,58],"product_tag":[],"class_list":{"0":"post-644","1":"product","2":"type-product","3":"status-publish","4":"has-post-thumbnail","6":"product_cat-abc","7":"product_cat-afff-ar","9":"first","10":"instock","11":"shipping-taxable","12":"product-type-simple"},"_links":{"self":[{"href":"https:\/\/extintoff.cl\/index.php\/wp-json\/wp\/v2\/product\/644","targetHints":{"allow":["GET"]}}],"collection":[{"href":"https:\/\/extintoff.cl\/index.php\/wp-json\/wp\/v2\/product"}],"about":[{"href":"https:\/\/extintoff.cl\/index.php\/wp-json\/wp\/v2\/types\/product"}],"replies":[{"embeddable":true,"href":"https:\/\/extintoff.cl\/index.php\/wp-json\/wp\/v2\/comments?post=644"}],"wp:featuredmedia":[{"embeddable":true,"href":"https:\/\/extintoff.cl\/index.php\/wp-json\/wp\/v2\/media\/776"}],"wp:attachment":[{"href":"https:\/\/extintoff.cl\/index.php\/wp-json\/wp\/v2\/media?parent=644"}],"wp:term":[{"taxonomy":"product_brand","embeddable":true,"href":"https:\/\/extintoff.cl\/index.php\/wp-json\/wp\/v2\/product_brand?post=644"},{"taxonomy":"product_cat","embeddable":true,"href":"https:\/\/extintoff.cl\/index.php\/wp-json\/wp\/v2\/product_cat?post=644"},{"taxonomy":"product_tag","embeddable":true,"href":"https:\/\/extintoff.cl\/index.php\/wp-json\/wp\/v2\/product_tag?post=644"}],"curies":[{"name":"wp","href":"https:\/\/api.w.org\/{rel}","templated":true}]}}