{"id":641,"date":"2025-05-31T19:19:26","date_gmt":"2025-05-31T19:19:26","guid":{"rendered":"https:\/\/desarrollo.extintoff.cl\/?post_type=product&#038;p=641"},"modified":"2025-06-10T03:36:53","modified_gmt":"2025-06-10T03:36:53","slug":"extintor-1-2-4-6-10-25-50kgs","status":"publish","type":"product","link":"https:\/\/extintoff.cl\/index.php\/product\/extintor-1-2-4-6-10-25-50kgs\/","title":{"rendered":"EXTINTOR 1-2-4-6-10-25-50KGS <span style=\"visibility:hidden;\">L\u00ednea extra invisible<\/span> <span style=\"visibility:hidden;\">L\u00ednea extra invisible<\/span>"},"content":{"rendered":"<p>DG: Extintores PQS certificados para autos, casas e industria. Disponibles en 1, 2 , 4, 6 y 10 kilos. Carros PQS de 25 y 50 kilos. Calidad y seguridad. \/ 1KG: Extintor port\u00e1til de 1 kg ABC. El m\u00e1s utilizado en autom\u00f3viles, departamentos, casas y embarcaciones. Certificados por CESMEC. Calidad garantizada de 1 a\u00f1o por EXTINTOFF \/ 2KGS: Extintor port\u00e1til de 2Kg ABC. Fabricaci\u00f3n nacional. Recomendado para taxis, colectivos, autos particulares, habitaciones peque\u00f1as y embarcaciones. Garant\u00eda de 1 a\u00f1o. \/ 4KGS: Extintor Polvo Qu\u00edmico Seco 4kg. 75% (ABC). El modelo PQS75-4 est\u00e1 dise\u00f1ado para veh\u00edculos de carga, transportes de cargas peligrosas, bodegas y otros. \/ 6KGS: Extintor polvo qu\u00edmico seco 6kg con fosfato monoam\u00f3nico al 75%, dise\u00f1ado seg\u00fan Decreto N\u00b0 44 del Ministerio de Econom\u00eda, Fomento y Turismo. 1 a\u00f1o de garant\u00eda. \/ 10KGS: El extintor polvo qu\u00edmico seco 10kg 75% (ABC) Mod. PQS75-10 est\u00e1 certificado por el CESMEC de Bureau Veritas para uso en veh\u00edculos de cargas pesadas y peligrosas. \/ 25KGS: Carro polvo qu\u00edmico seco 25kg 75% PQS75-25, fabricado Nacional para \u00e1reas grandes, cumpliendo Decreto N\u00b0 44 del Ministerio de Econom\u00eda, Fomento y Turismo. \/ 50KGS: Carro polvo qu\u00edmico seco 50kg 75% PQS75-50, fabricaci\u00f3n Nacional, ideal para locales con equipos de alto valor, como constructoras, petroqu\u00edmicas y comercios.<\/p>\n","protected":false},"excerpt":{"rendered":"<p>DG: Extintores PQS certificados para autos, casas e industria. Disponibles en 1, 2 , 4, 6 y 10 kilos. Carros PQS de 25 y 50 kilos. Calidad y seguridad. \/ 1KG: Extintor port\u00e1til de 1 kg ABC. El m\u00e1s utilizado en autom\u00f3viles, departamentos, casas y embarcaciones. Certificados por CESMEC. Calidad garantizada de 1 a\u00f1o por<\/p>\n<div class=\"klb-readmore\"><a class=\"c-btn\" href=\"https:\/\/extintoff.cl\/index.php\/product\/extintor-1-2-4-6-10-25-50kgs\/\">Leer M\u00e1s <i class=\"far fa-plus\"><\/i><\/a><\/div>\n","protected":false},"featured_media":777,"comment_status":"open","ping_status":"closed","template":"","meta":{"_joinchat":[]},"product_brand":[],"product_cat":[49,56],"product_tag":[],"class_list":{"0":"post-641","1":"product","2":"type-product","3":"status-publish","4":"has-post-thumbnail","6":"product_cat-abc","7":"product_cat-pqs-75","9":"first","10":"instock","11":"shipping-taxable","12":"product-type-simple"},"_links":{"self":[{"href":"https:\/\/extintoff.cl\/index.php\/wp-json\/wp\/v2\/product\/641","targetHints":{"allow":["GET"]}}],"collection":[{"href":"https:\/\/extintoff.cl\/index.php\/wp-json\/wp\/v2\/product"}],"about":[{"href":"https:\/\/extintoff.cl\/index.php\/wp-json\/wp\/v2\/types\/product"}],"replies":[{"embeddable":true,"href":"https:\/\/extintoff.cl\/index.php\/wp-json\/wp\/v2\/comments?post=641"}],"wp:featuredmedia":[{"embeddable":true,"href":"https:\/\/extintoff.cl\/index.php\/wp-json\/wp\/v2\/media\/777"}],"wp:attachment":[{"href":"https:\/\/extintoff.cl\/index.php\/wp-json\/wp\/v2\/media?parent=641"}],"wp:term":[{"taxonomy":"product_brand","embeddable":true,"href":"https:\/\/extintoff.cl\/index.php\/wp-json\/wp\/v2\/product_brand?post=641"},{"taxonomy":"product_cat","embeddable":true,"href":"https:\/\/extintoff.cl\/index.php\/wp-json\/wp\/v2\/product_cat?post=641"},{"taxonomy":"product_tag","embeddable":true,"href":"https:\/\/extintoff.cl\/index.php\/wp-json\/wp\/v2\/product_tag?post=641"}],"curies":[{"name":"wp","href":"https:\/\/api.w.org\/{rel}","templated":true}]}}